{"id":513,"date":"2024-09-24T09:46:49","date_gmt":"2024-09-24T09:46:49","guid":{"rendered":"https:\/\/gebhardt-hoeren.de\/?page_id=513"},"modified":"2024-10-29T11:11:55","modified_gmt":"2024-10-29T11:11:55","slug":"testhoerer","status":"publish","type":"page","link":"https:\/\/gebhardt-hoeren.de\/?page_id=513","title":{"rendered":"Testh\u00f6rer"},"content":{"rendered":"<section class=\"l-section wpb_row height_auto width_full\"><div class=\"l-section-h i-cf\"><div class=\"g-cols vc_row via_grid cols_1 laptops-cols_inherit tablets-cols_inherit mobiles-cols_1 valign_top type_default stacking_default\"><div class=\"wpb_column vc_column_container\"><div class=\"vc_column-inner\"><div class=\"w-grid us_carousel type_carousel layout_349 preload_style_spinner\" id=\"us_grid_1\"><style>.layout_349 .w-grid-item-h{background:var(--color-header-middle-bg)}@media(max-width:1023px){.layout_349 .usg_hwrapper_1{display:none!important}}@media(min-width:1025px){.layout_349 .usg_post_image_2{display:none!important}}@media(min-width:1025px){.layout_349 .usg_vwrapper_3{display:none!important}}.layout_349 .usg_post_image_1{width:45%!important}.layout_349 .usg_hwrapper_1{height:100%!important;padding-left:10%!important;padding-right:5%!important;position:static!important}.layout_349 .usg_vwrapper_1{width:45%!important;padding-left:5%!important;padding-top:5%!important;padding-bottom:5%!important;position:absolute!important;left:45%!important;overflow:visible!important}.layout_349 .usg_post_custom_field_1{color:var(--color-content-link-hover)!important;line-height:1!important}.layout_349 .usg_post_custom_field_2{color:var(--color-content-primary)!important;line-height:1!important;margin-top:-20px!important;margin-bottom:30px!important}.layout_349 .usg_post_custom_field_3{margin-bottom:30px!important}.layout_349 .usg_post_image_2{width:45%!important}.layout_349 .usg_post_custom_field_4{color:var(--color-content-link-hover)!important}.layout_349 .usg_post_custom_field_5{color:var(--color-content-primary)!important;line-height:1!important}.layout_349 .usg_post_custom_field_6{margin-bottom:30px!important}.layout_349 .usg_vwrapper_3{height:100%!important}@media (min-width:1025px) and (max-width:1380px){.layout_349 .usg_post_image_1{width:45%!important}.layout_349 .usg_vwrapper_1{width:45%!important;padding-left:5%!important;padding-top:5%!important;padding-bottom:5%!important}.layout_349 .usg_post_image_2{width:45%!important}.layout_349 .usg_post_custom_field_4{color:var(--color-content-link-hover)!important}}@media (min-width:601px) and (max-width:1024px){.layout_349 .usg_post_image_1{width:100%!important}.layout_349 .usg_vwrapper_1{width:100%!important}.layout_349 .usg_post_image_2{width:80%!important}.layout_349 .usg_post_custom_field_4{color:var(--color-content-link-hover)!important;line-height:1!important}.layout_349 .usg_post_custom_field_5{margin-top:-45px!important}.layout_349 .usg_vwrapper_3{padding-left:2.5rem!important;padding-top:2.5rem!important;padding-right:5rem!important}}@media (max-width:600px){.layout_349 .usg_post_image_1{width:100%!important}.layout_349 .usg_vwrapper_1{width:100%!important}.layout_349 .usg_post_image_2{width:90%!important}.layout_349 .usg_post_custom_field_4{color:var(--color-content-link-hover)!important}.layout_349 .usg_post_custom_field_5{margin-top:-25px!important}.layout_349 .usg_vwrapper_3{padding-left:1.5rem!important;padding-top:1.5rem!important;padding-right:3rem!important}}<\/style><div class=\"w-grid-list owl-carousel valign_stretch dotstyle_circle navstyle_circle arrows-ver-pos_middle arrows-hor-pos_on_sides_outside arrows-disabled_hide owl-responsive-2000\" style=\"--transition-duration:350ms;\">\t<article class=\"w-grid-item post-513 page type-page status-publish has-post-thumbnail hentry\" data-id=\"513\">\r\n\t\t<div class=\"w-grid-item-h\">\r\n\t\t\t\t\t\t<div class=\"w-hwrapper usg_hwrapper_1 align_left valign_middle wrap stack_on_mobiles\" style=\"--hwrapper-gap:2rem\"><div class=\"w-post-elm post_image usg_post_image_1 has_width\"><a href=\"https:\/\/gebhardt-hoeren.de\/?page_id=513\" aria-label=\"Testh\u00f6rer\"><img loading=\"lazy\" decoding=\"async\" width=\"1080\" height=\"1080\" src=\"https:\/\/gebhardt-hoeren.de\/wp-content\/uploads\/2024\/09\/Gebhardt_Model_ProAkustik.png\" class=\"attachment-full size-full wp-post-image\" alt=\"\" srcset=\"https:\/\/gebhardt-hoeren.de\/wp-content\/uploads\/2024\/09\/Gebhardt_Model_ProAkustik.png 1080w, https:\/\/gebhardt-hoeren.de\/wp-content\/uploads\/2024\/09\/Gebhardt_Model_ProAkustik-300x300.png 300w, https:\/\/gebhardt-hoeren.de\/wp-content\/uploads\/2024\/09\/Gebhardt_Model_ProAkustik-1024x1024.png 1024w, https:\/\/gebhardt-hoeren.de\/wp-content\/uploads\/2024\/09\/Gebhardt_Model_ProAkustik-150x150.png 150w\" sizes=\"auto, (max-width: 1080px) 100vw, 1080px\" \/><\/a><\/div><div class=\"w-vwrapper usg_vwrapper_1 align_left valign_top\" style=\"--vwrapper-gap:0rem\"><h1 class=\"w-post-elm post_custom_field usg_post_custom_field_1 has_text_color type_text titel_oberzeile color_link_inherit\"><span class=\"w-post-elm-value\">100 Testh\u00f6rer<\/span><\/h1><h1 class=\"w-post-elm post_custom_field usg_post_custom_field_2 has_text_color type_text titel_unterzeile color_link_inherit\"><span class=\"w-post-elm-value\">gesucht<\/span><\/h1><p class=\"w-post-elm post_custom_field usg_post_custom_field_3 type_text beschreibung color_link_inherit\"><p><span>Sie probieren Hinter-dem-Ohr oder Im-Ohr H\u00f6rger\u00e4te ausgiebig aus. Wir belohnen Ihre ehrliche Meinung mit einem Testbonus in H\u00f6he von 100,- \u20ac.<\/span><\/p>\n<\/p><\/div><\/div><div class=\"w-vwrapper usg_vwrapper_3 align_left valign_justify\" style=\"--vwrapper-gap:1rem\"><h1 class=\"w-post-elm post_custom_field usg_post_custom_field_4 has_text_color type_text titel_oberzeile color_link_inherit\"><span class=\"w-post-elm-value\">100 Testh\u00f6rer<\/span><\/h1><h1 class=\"w-post-elm post_custom_field usg_post_custom_field_5 has_text_color type_text titel_unterzeile color_link_inherit\"><span class=\"w-post-elm-value\">gesucht<\/span><\/h1><p class=\"w-post-elm post_custom_field usg_post_custom_field_6 type_text beschreibung color_link_inherit\"><p><span>Sie probieren Hinter-dem-Ohr oder Im-Ohr H\u00f6rger\u00e4te ausgiebig aus. Wir belohnen Ihre ehrliche Meinung mit einem Testbonus in H\u00f6he von 100,- \u20ac.<\/span><\/p>\n<\/p><div class=\"w-post-elm post_image usg_post_image_2 has_width\"><a href=\"https:\/\/gebhardt-hoeren.de\/?page_id=513\" aria-label=\"Testh\u00f6rer\"><img loading=\"lazy\" decoding=\"async\" width=\"1080\" height=\"1080\" src=\"https:\/\/gebhardt-hoeren.de\/wp-content\/uploads\/2024\/09\/Gebhardt_Model_ProAkustik.png\" class=\"attachment-full size-full wp-post-image\" alt=\"\" srcset=\"https:\/\/gebhardt-hoeren.de\/wp-content\/uploads\/2024\/09\/Gebhardt_Model_ProAkustik.png 1080w, https:\/\/gebhardt-hoeren.de\/wp-content\/uploads\/2024\/09\/Gebhardt_Model_ProAkustik-300x300.png 300w, https:\/\/gebhardt-hoeren.de\/wp-content\/uploads\/2024\/09\/Gebhardt_Model_ProAkustik-1024x1024.png 1024w, https:\/\/gebhardt-hoeren.de\/wp-content\/uploads\/2024\/09\/Gebhardt_Model_ProAkustik-150x150.png 150w\" sizes=\"auto, (max-width: 1080px) 100vw, 1080px\" \/><\/a><\/div><\/div>\t\t<\/div>\r\n\t\t\t<\/article>\r\n<\/div><div class=\"w-grid-carousel-json hidden\" onclick='return {&quot;carousel_settings&quot;:{&quot;aria_labels&quot;:{&quot;prev&quot;:&quot;Zur\\u00fcck&quot;,&quot;next&quot;:&quot;Weiter&quot;},&quot;autoplayContinual&quot;:false,&quot;autoplayHoverPause&quot;:false,&quot;autoplayTimeout&quot;:3000,&quot;autoWidth&quot;:false,&quot;smartSpeed&quot;:350,&quot;margin&quot;:0,&quot;mouseDrag&quot;:true,&quot;rtl&quot;:false,&quot;slideBy&quot;:&quot;1&quot;,&quot;touchDrag&quot;:true,&quot;slideTransition&quot;:&quot;&quot;,&quot;responsive&quot;:{&quot;0&quot;:{&quot;autoHeight&quot;:false,&quot;autoplay&quot;:false,&quot;autoWidth&quot;:false,&quot;center&quot;:false,&quot;dots&quot;:false,&quot;items&quot;:1,&quot;loop&quot;:false,&quot;nav&quot;:false,&quot;stagePadding&quot;:0,&quot;slideBy&quot;:&quot;1&quot;},&quot;601&quot;:{&quot;autoHeight&quot;:false,&quot;autoplay&quot;:false,&quot;autoWidth&quot;:false,&quot;center&quot;:false,&quot;dots&quot;:false,&quot;items&quot;:1,&quot;loop&quot;:false,&quot;nav&quot;:false,&quot;stagePadding&quot;:0,&quot;slideBy&quot;:&quot;1&quot;},&quot;1025&quot;:{&quot;autoHeight&quot;:false,&quot;autoplay&quot;:false,&quot;autoWidth&quot;:false,&quot;center&quot;:false,&quot;dots&quot;:false,&quot;items&quot;:1,&quot;loop&quot;:false,&quot;nav&quot;:false,&quot;stagePadding&quot;:0,&quot;slideBy&quot;:&quot;1&quot;},&quot;1381&quot;:{&quot;items&quot;:1,&quot;autoplay&quot;:false,&quot;center&quot;:false,&quot;dots&quot;:false,&quot;nav&quot;:false,&quot;autoHeight&quot;:false,&quot;autoWidth&quot;:false,&quot;loop&quot;:false,&quot;stagePadding&quot;:0}}}}'><\/div><\/div><\/div><\/div><\/div><\/div><\/section><section class=\"l-section wpb_row height_medium color_alternate\"><div class=\"l-section-overlay\" style=\"background:#f8f8f8\"><\/div><div class=\"l-section-h i-cf\"><div class=\"g-cols vc_row via_grid cols_1 laptops-cols_inherit tablets-cols_inherit mobiles-cols_1 valign_top type_default stacking_default\"><div class=\"wpb_column vc_column_container\"><div class=\"vc_column-inner\"><div class=\"g-cols wpb_row via_grid cols_1 laptops-cols_inherit tablets-cols_inherit mobiles-cols_1 valign_top type_default stacking_default\" style=\"--columns-gap:3rem;\" id=\"mehr\"><div class=\"wpb_column vc_column_container\"><div class=\"vc_column-inner\"><div class=\"wpb_text_column\"><div class=\"wpb_wrapper\"><h2 class=\"bde-heading-16-243 bde-heading\" style=\"text-align: center;\"><span style=\"color: #26a9eb;\">Werden Sie<br \/>\n<span style=\"color: #0185bf;\">jetzt Testh\u00f6rer!<\/span><\/span><\/h2>\n<\/div><\/div><div class=\"w-separator size_medium\"><\/div><div class=\"wpb_text_column\"><div class=\"wpb_wrapper\"><p style=\"text-align: center;\"><span>Als Teilnehmer testen Sie modernste Hinter-dem-Ohr und Im-Ohr H\u00f6rsysteme, die zu Beginn individuell auf Sie und Ihre Bed\u00fcrfnisse abgestimmt werden. Danach beginnt die Testphase: 22 Tage lang testen Sie Ihre individuellen H\u00f6rger\u00e4te im Alltag \u2013 kostenlos und unverbindlich. Bei Nichtgefallen geben Sie die Ger\u00e4te danach einfach zur\u00fcck. Entscheiden Sie sich f\u00fcr den Kauf, sparen Sie einen Testbonus in H\u00f6he von 100,- auf den Kaufpreis.<\/span><\/p>\n<\/div><\/div><div class=\"w-separator size_small\"><\/div><div class=\"w-btn-wrapper align_center\"><a class=\"w-btn us-btn-style_1\" href=\"https:\/\/gebhardt-hoeren.de\/kontakt\/\"><span class=\"w-btn-label\">Jetzt Termin vereinbaren<\/span><\/a><\/div><\/div><\/div><\/div><\/div><\/div><\/div><\/div><\/section>\n","protected":false},"excerpt":{"rendered":"100 Testh\u00f6rergesuchtSie probieren Hinter-dem-Ohr oder Im-Ohr H\u00f6rger\u00e4te ausgiebig aus. Wir belohnen Ihre ehrliche Meinung mit einem Testbonus in H\u00f6he von 100,- \u20ac. 100 Testh\u00f6rergesuchtSie probieren Hinter-dem-Ohr oder Im-Ohr H\u00f6rger\u00e4te ausgiebig aus. Wir belohnen Ihre ehrliche Meinung mit einem Testbonus in H\u00f6he von 100,- \u20ac. Werden Sie jetzt Testh\u00f6rer! Als Teilnehmer testen Sie modernste Hinter-dem-Ohr und...","protected":false},"author":1,"featured_media":523,"parent":0,"menu_order":0,"comment_status":"closed","ping_status":"closed","template":"","meta":{"_acf_changed":false,"inline_featured_image":false,"footnotes":""},"class_list":["post-513","page","type-page","status-publish","has-post-thumbnail","hentry"],"acf":[],"yoast_head":"<!-- This site is optimized with the Yoast SEO plugin v27.1.1 - https:\/\/yoast.com\/product\/yoast-seo-wordpress\/ -->\n<title>Testh\u00f6rer - Gebhardt H&ouml;rakustik GmbH<\/title>\n<meta name=\"robots\" content=\"index, follow, max-snippet:-1, max-image-preview:large, max-video-preview:-1\" \/>\n<link rel=\"canonical\" href=\"https:\/\/gebhardt-hoeren.de\/testhoerer\/\" \/>\n<meta property=\"og:locale\" content=\"de_DE\" \/>\n<meta property=\"og:type\" content=\"article\" \/>\n<meta property=\"og:title\" content=\"Testh\u00f6rer - Gebhardt H&ouml;rakustik GmbH\" \/>\n<meta property=\"og:url\" content=\"https:\/\/gebhardt-hoeren.de\/testhoerer\/\" \/>\n<meta property=\"og:site_name\" content=\"Gebhardt H&ouml;rakustik GmbH\" \/>\n<meta property=\"article:modified_time\" content=\"2024-10-29T11:11:55+00:00\" \/>\n<meta property=\"og:image\" content=\"https:\/\/gebhardt-hoeren.de\/wp-content\/uploads\/2024\/09\/Gebhardt_Model_ProAkustik.png\" \/>\n\t<meta property=\"og:image:width\" content=\"1080\" \/>\n\t<meta property=\"og:image:height\" content=\"1080\" \/>\n\t<meta property=\"og:image:type\" content=\"image\/png\" \/>\n<meta name=\"twitter:card\" content=\"summary_large_image\" \/>\n<meta name=\"twitter:label1\" content=\"Gesch\u00e4tzte Lesezeit\" \/>\n\t<meta name=\"twitter:data1\" content=\"1\u00a0Minute\" \/>\n<script type=\"application\/ld+json\" class=\"yoast-schema-graph\">{\"@context\":\"https:\/\/schema.org\",\"@graph\":[{\"@type\":\"WebPage\",\"@id\":\"https:\/\/gebhardt-hoeren.de\/testhoerer\/\",\"url\":\"https:\/\/gebhardt-hoeren.de\/testhoerer\/\",\"name\":\"Testh\u00f6rer - Gebhardt H&ouml;rakustik GmbH\",\"isPartOf\":{\"@id\":\"https:\/\/gebhardt-hoeren.de\/#website\"},\"primaryImageOfPage\":{\"@id\":\"https:\/\/gebhardt-hoeren.de\/testhoerer\/#primaryimage\"},\"image\":{\"@id\":\"https:\/\/gebhardt-hoeren.de\/testhoerer\/#primaryimage\"},\"thumbnailUrl\":\"https:\/\/gebhardt-hoeren.de\/wp-content\/uploads\/2024\/09\/Gebhardt_Model_ProAkustik.png\",\"datePublished\":\"2024-09-24T09:46:49+00:00\",\"dateModified\":\"2024-10-29T11:11:55+00:00\",\"breadcrumb\":{\"@id\":\"https:\/\/gebhardt-hoeren.de\/testhoerer\/#breadcrumb\"},\"inLanguage\":\"de\",\"potentialAction\":[{\"@type\":\"ReadAction\",\"target\":[\"https:\/\/gebhardt-hoeren.de\/testhoerer\/\"]}]},{\"@type\":\"ImageObject\",\"inLanguage\":\"de\",\"@id\":\"https:\/\/gebhardt-hoeren.de\/testhoerer\/#primaryimage\",\"url\":\"https:\/\/gebhardt-hoeren.de\/wp-content\/uploads\/2024\/09\/Gebhardt_Model_ProAkustik.png\",\"contentUrl\":\"https:\/\/gebhardt-hoeren.de\/wp-content\/uploads\/2024\/09\/Gebhardt_Model_ProAkustik.png\",\"width\":1080,\"height\":1080},{\"@type\":\"BreadcrumbList\",\"@id\":\"https:\/\/gebhardt-hoeren.de\/testhoerer\/#breadcrumb\",\"itemListElement\":[{\"@type\":\"ListItem\",\"position\":1,\"name\":\"Startseite\",\"item\":\"https:\/\/gebhardt-hoeren.de\/\"},{\"@type\":\"ListItem\",\"position\":2,\"name\":\"Testh\u00f6rer\"}]},{\"@type\":\"WebSite\",\"@id\":\"https:\/\/gebhardt-hoeren.de\/#website\",\"url\":\"https:\/\/gebhardt-hoeren.de\/\",\"name\":\"Gebhardt H\u00f6rakustik GmbH\",\"description\":\"Individuelle H&ouml;rger&auml;teberatung und H&ouml;rtherapie\",\"publisher\":{\"@id\":\"https:\/\/gebhardt-hoeren.de\/#organization\"},\"potentialAction\":[{\"@type\":\"SearchAction\",\"target\":{\"@type\":\"EntryPoint\",\"urlTemplate\":\"https:\/\/gebhardt-hoeren.de\/?s={search_term_string}\"},\"query-input\":{\"@type\":\"PropertyValueSpecification\",\"valueRequired\":true,\"valueName\":\"search_term_string\"}}],\"inLanguage\":\"de\"},{\"@type\":\"Organization\",\"@id\":\"https:\/\/gebhardt-hoeren.de\/#organization\",\"name\":\"Gebhardt H\u00f6rakustik GmbH\",\"url\":\"https:\/\/gebhardt-hoeren.de\/\",\"logo\":{\"@type\":\"ImageObject\",\"inLanguage\":\"de\",\"@id\":\"https:\/\/gebhardt-hoeren.de\/#\/schema\/logo\/image\/\",\"url\":\"https:\/\/gebhardt-hoeren.de\/wp-content\/uploads\/2024\/08\/Gebhard_Logo_Web.png\",\"contentUrl\":\"https:\/\/gebhardt-hoeren.de\/wp-content\/uploads\/2024\/08\/Gebhard_Logo_Web.png\",\"width\":1491,\"height\":354,\"caption\":\"Gebhardt H\u00f6rakustik GmbH\"},\"image\":{\"@id\":\"https:\/\/gebhardt-hoeren.de\/#\/schema\/logo\/image\/\"}}]}<\/script>\n<!-- \/ Yoast SEO plugin. -->","yoast_head_json":{"title":"Testh\u00f6rer - Gebhardt H&ouml;rakustik GmbH","robots":{"index":"index","follow":"follow","max-snippet":"max-snippet:-1","max-image-preview":"max-image-preview:large","max-video-preview":"max-video-preview:-1"},"canonical":"https:\/\/gebhardt-hoeren.de\/testhoerer\/","og_locale":"de_DE","og_type":"article","og_title":"Testh\u00f6rer - Gebhardt H&ouml;rakustik GmbH","og_url":"https:\/\/gebhardt-hoeren.de\/testhoerer\/","og_site_name":"Gebhardt H&ouml;rakustik GmbH","article_modified_time":"2024-10-29T11:11:55+00:00","og_image":[{"width":1080,"height":1080,"url":"https:\/\/gebhardt-hoeren.de\/wp-content\/uploads\/2024\/09\/Gebhardt_Model_ProAkustik.png","type":"image\/png"}],"twitter_card":"summary_large_image","twitter_misc":{"Gesch\u00e4tzte Lesezeit":"1\u00a0Minute"},"schema":{"@context":"https:\/\/schema.org","@graph":[{"@type":"WebPage","@id":"https:\/\/gebhardt-hoeren.de\/testhoerer\/","url":"https:\/\/gebhardt-hoeren.de\/testhoerer\/","name":"Testh\u00f6rer - Gebhardt H&ouml;rakustik GmbH","isPartOf":{"@id":"https:\/\/gebhardt-hoeren.de\/#website"},"primaryImageOfPage":{"@id":"https:\/\/gebhardt-hoeren.de\/testhoerer\/#primaryimage"},"image":{"@id":"https:\/\/gebhardt-hoeren.de\/testhoerer\/#primaryimage"},"thumbnailUrl":"https:\/\/gebhardt-hoeren.de\/wp-content\/uploads\/2024\/09\/Gebhardt_Model_ProAkustik.png","datePublished":"2024-09-24T09:46:49+00:00","dateModified":"2024-10-29T11:11:55+00:00","breadcrumb":{"@id":"https:\/\/gebhardt-hoeren.de\/testhoerer\/#breadcrumb"},"inLanguage":"de","potentialAction":[{"@type":"ReadAction","target":["https:\/\/gebhardt-hoeren.de\/testhoerer\/"]}]},{"@type":"ImageObject","inLanguage":"de","@id":"https:\/\/gebhardt-hoeren.de\/testhoerer\/#primaryimage","url":"https:\/\/gebhardt-hoeren.de\/wp-content\/uploads\/2024\/09\/Gebhardt_Model_ProAkustik.png","contentUrl":"https:\/\/gebhardt-hoeren.de\/wp-content\/uploads\/2024\/09\/Gebhardt_Model_ProAkustik.png","width":1080,"height":1080},{"@type":"BreadcrumbList","@id":"https:\/\/gebhardt-hoeren.de\/testhoerer\/#breadcrumb","itemListElement":[{"@type":"ListItem","position":1,"name":"Startseite","item":"https:\/\/gebhardt-hoeren.de\/"},{"@type":"ListItem","position":2,"name":"Testh\u00f6rer"}]},{"@type":"WebSite","@id":"https:\/\/gebhardt-hoeren.de\/#website","url":"https:\/\/gebhardt-hoeren.de\/","name":"Gebhardt H\u00f6rakustik GmbH","description":"Individuelle H&ouml;rger&auml;teberatung und H&ouml;rtherapie","publisher":{"@id":"https:\/\/gebhardt-hoeren.de\/#organization"},"potentialAction":[{"@type":"SearchAction","target":{"@type":"EntryPoint","urlTemplate":"https:\/\/gebhardt-hoeren.de\/?s={search_term_string}"},"query-input":{"@type":"PropertyValueSpecification","valueRequired":true,"valueName":"search_term_string"}}],"inLanguage":"de"},{"@type":"Organization","@id":"https:\/\/gebhardt-hoeren.de\/#organization","name":"Gebhardt H\u00f6rakustik GmbH","url":"https:\/\/gebhardt-hoeren.de\/","logo":{"@type":"ImageObject","inLanguage":"de","@id":"https:\/\/gebhardt-hoeren.de\/#\/schema\/logo\/image\/","url":"https:\/\/gebhardt-hoeren.de\/wp-content\/uploads\/2024\/08\/Gebhard_Logo_Web.png","contentUrl":"https:\/\/gebhardt-hoeren.de\/wp-content\/uploads\/2024\/08\/Gebhard_Logo_Web.png","width":1491,"height":354,"caption":"Gebhardt H\u00f6rakustik GmbH"},"image":{"@id":"https:\/\/gebhardt-hoeren.de\/#\/schema\/logo\/image\/"}}]}},"_links":{"self":[{"href":"https:\/\/gebhardt-hoeren.de\/index.php?rest_route=\/wp\/v2\/pages\/513","targetHints":{"allow":["GET"]}}],"collection":[{"href":"https:\/\/gebhardt-hoeren.de\/index.php?rest_route=\/wp\/v2\/pages"}],"about":[{"href":"https:\/\/gebhardt-hoeren.de\/index.php?rest_route=\/wp\/v2\/types\/page"}],"author":[{"embeddable":true,"href":"https:\/\/gebhardt-hoeren.de\/index.php?rest_route=\/wp\/v2\/users\/1"}],"replies":[{"embeddable":true,"href":"https:\/\/gebhardt-hoeren.de\/index.php?rest_route=%2Fwp%2Fv2%2Fcomments&post=513"}],"version-history":[{"count":13,"href":"https:\/\/gebhardt-hoeren.de\/index.php?rest_route=\/wp\/v2\/pages\/513\/revisions"}],"predecessor-version":[{"id":925,"href":"https:\/\/gebhardt-hoeren.de\/index.php?rest_route=\/wp\/v2\/pages\/513\/revisions\/925"}],"wp:featuredmedia":[{"embeddable":true,"href":"https:\/\/gebhardt-hoeren.de\/index.php?rest_route=\/wp\/v2\/media\/523"}],"wp:attachment":[{"href":"https:\/\/gebhardt-hoeren.de\/index.php?rest_route=%2Fwp%2Fv2%2Fmedia&parent=513"}],"curies":[{"name":"wp","href":"https:\/\/api.w.org\/{rel}","templated":true}]}}